{"id":2671,"date":"2024-08-01T15:39:06","date_gmt":"2024-08-01T13:39:06","guid":{"rendered":"https:\/\/bjornfjell.com\/overnatting\/dobbeltrom-standard-med-vindusplass\/"},"modified":"2025-07-23T09:44:58","modified_gmt":"2025-07-23T07:44:58","slug":"standard-dobbeltrom-vindussete","status":"publish","type":"page","link":"https:\/\/bjornfjell.com\/no\/overnatting\/standard-dobbeltrom-vindussete\/","title":{"rendered":"Standard Dobbeltrom med Vindussete"},"content":{"rendered":"\n<div class=\"wp-block-uagb-container uagb-block-41d93579 alignfull uagb-is-root-container\"><div class=\"uagb-container-inner-blocks-wrap\">\n<div class=\"wp-block-uagb-advanced-heading uagb-block-00737f2c\"><h1 class=\"uagb-heading-text\">STANDARD DOBBELTROM MED VINDUSSETE<\/h1><div class=\"uagb-separator\"><\/div><\/div>\n<\/div><\/div>\n\n\n\n<div class=\"wp-block-uagb-container uagb-block-49693313 alignfull uagb-is-root-container\"><div class=\"uagb-container-inner-blocks-wrap\">\n<div style=\"height:10px\" aria-hidden=\"true\" class=\"wp-block-spacer\"><\/div>\n\n\n\n<div class=\"wp-block-uagb-advanced-heading uagb-block-5164504d\"><p class=\"uagb-heading-text\">V\u00e5re Standard dobbeltrom med vindusseter ligger i hoved lodgen. Her har du n\u00f8dvendighetene for \u00e5 f\u00e5 en behagelig og avslappende natt. Rommene er innredet med naturlige materialer og varme og beroligende farger.<br>Fra vindussetet kan du nyte den omkringliggende naturen og det spektakul\u00e6re landskapet utenfor.<\/p><div class=\"uagb-separator\"><\/div><\/div>\n\n\n\n<div class=\"wp-block-buttons is-content-justification-center is-layout-flex wp-container-core-buttons-is-layout-3e41869c wp-block-buttons-is-layout-flex\">\n<div class=\"wp-block-button\"><a class=\"wp-block-button__link wp-element-button\" href=\"https:\/\/bjornfjell.com\/no\/bestill-online\/\">BOOK N\u00c5<\/a><\/div>\n<\/div>\n<\/div><\/div>\n\n\n\n<div class=\"wp-block-uagb-container uagb-block-7bc0867b alignfull uagb-is-root-container\"><div class=\"uagb-container-inner-blocks-wrap\">\n<div class=\"wp-block-uagb-container uagb-block-97861d9a\">\n<div class=\"wp-block-uagb-advanced-heading uagb-block-957bfd33\"><h2 class=\"uagb-heading-text\">Fasiliteter<\/h2><div class=\"uagb-separator\"><\/div><\/div>\n\n\n\n<ul class=\"wp-block-list\">\n<li class=\"has-ast-global-color-6-color has-text-color has-link-color wp-elements-0f3c18170c88aebc9016eb2dde361f63\">Dobbeltseng<\/li>\n\n\n\n<li class=\"has-ast-global-color-6-color has-text-color has-link-color wp-elements-84868548f66327ef4fba30b96e4f933e\">Vindussete <\/li>\n\n\n\n<li class=\"has-ast-global-color-6-color has-text-color has-link-color wp-elements-65cb5312f267ed8b0bce0b2848778ee8\">Eget bad med dusj<\/li>\n\n\n\n<li class=\"has-ast-global-color-6-color has-text-color has-link-color wp-elements-eca15e5ef0bb92df05fec81fbfb7516e\">Baderomsprodukter<\/li>\n\n\n\n<li class=\"has-ast-global-color-6-color has-text-color has-link-color wp-elements-63d1d3e78a573e46b8a2f4f22f6f4601\">Lenestol<\/li>\n\n\n\n<li class=\"has-ast-global-color-6-color has-text-color has-link-color wp-elements-41b5c605929c4493760f96d98a2f63bd\">Romst\u00f8rrelse: 16 kvadratmeter<br><br>Priser fra NOK 2895,- per natt inkludert frokost.<\/li>\n<\/ul>\n\n\n\n<div class=\"wp-block-uagb-image uagb-block-cb524fa3 wp-block-uagb-image--layout-default wp-block-uagb-image--effect-static wp-block-uagb-image--align-none\"><figure class=\"wp-block-uagb-image__figure\"><img data-recalc-dims=\"1\" decoding=\"async\" srcset=\"https:\/\/bjornfjell.com\/wp-content\/uploads\/2024\/08\/img_3326.jpeg ,https:\/\/bjornfjell.com\/wp-content\/uploads\/2024\/08\/img_3326.jpeg 780w, https:\/\/bjornfjell.com\/wp-content\/uploads\/2024\/08\/img_3326.jpeg 360w\" sizes=\"auto, (max-width: 480px) 150px\" src=\"https:\/\/i0.wp.com\/bjornfjell.com\/wp-content\/uploads\/2024\/08\/img_3326.jpeg?resize=4032%2C3024&#038;ssl=1\" alt=\"\" class=\"uag-image-386\" width=\"4032\" height=\"3024\" title=\"IMG_3326\" loading=\"lazy\" role=\"img\"\/><\/figure><\/div>\n\n\n\n<div class=\"wp-block-uagb-image uagb-block-517331a8 wp-block-uagb-image--layout-default wp-block-uagb-image--effect-static wp-block-uagb-image--align-none\"><figure class=\"wp-block-uagb-image__figure\"><img data-recalc-dims=\"1\" decoding=\"async\" srcset=\"https:\/\/bjornfjell.com\/wp-content\/uploads\/2024\/08\/img_3233.jpeg ,https:\/\/bjornfjell.com\/wp-content\/uploads\/2024\/08\/img_3233.jpeg 780w, https:\/\/bjornfjell.com\/wp-content\/uploads\/2024\/08\/img_3233.jpeg 360w\" sizes=\"auto, (max-width: 480px) 150px\" src=\"https:\/\/i0.wp.com\/bjornfjell.com\/wp-content\/uploads\/2024\/08\/img_3233.jpeg?resize=565%2C423&#038;ssl=1\" alt=\"\" class=\"uag-image-371\" width=\"565\" height=\"423\" title=\"IMG_3233\" loading=\"lazy\" role=\"img\"\/><\/figure><\/div>\n\n\n\n<div style=\"height:69px\" aria-hidden=\"true\" class=\"wp-block-spacer\"><\/div>\n<\/div>\n\n\n\n<div class=\"wp-block-uagb-container uagb-block-f0ba817f\">\n<div class=\"wp-block-uagb-image uagb-block-741e3782 wp-block-uagb-image--layout-default wp-block-uagb-image--effect-static wp-block-uagb-image--align-none\"><figure class=\"wp-block-uagb-image__figure\"><img data-recalc-dims=\"1\" decoding=\"async\" srcset=\"https:\/\/bjornfjell.com\/wp-content\/uploads\/2024\/08\/img_3151.jpeg ,https:\/\/bjornfjell.com\/wp-content\/uploads\/2024\/08\/img_3151.jpeg 780w, https:\/\/bjornfjell.com\/wp-content\/uploads\/2024\/08\/img_3151.jpeg 360w\" sizes=\"auto, (max-width: 480px) 150px\" src=\"https:\/\/i0.wp.com\/bjornfjell.com\/wp-content\/uploads\/2024\/08\/img_3151.jpeg?resize=3024%2C4032&#038;ssl=1\" alt=\"\" class=\"uag-image-367\" width=\"3024\" height=\"4032\" title=\"IMG_3151\" loading=\"lazy\" role=\"img\"\/><\/figure><\/div>\n\n\n\n<div class=\"wp-block-uagb-image uagb-block-c536bba7 wp-block-uagb-image--layout-default wp-block-uagb-image--effect-static wp-block-uagb-image--align-none\"><figure class=\"wp-block-uagb-image__figure\"><img data-recalc-dims=\"1\" decoding=\"async\" srcset=\"https:\/\/bjornfjell.com\/wp-content\/uploads\/2024\/08\/img_3239.jpeg ,https:\/\/bjornfjell.com\/wp-content\/uploads\/2024\/08\/img_3239.jpeg 780w, https:\/\/bjornfjell.com\/wp-content\/uploads\/2024\/08\/img_3239.jpeg 360w\" sizes=\"auto, (max-width: 480px) 150px\" src=\"https:\/\/i0.wp.com\/bjornfjell.com\/wp-content\/uploads\/2024\/08\/img_3239.jpeg?resize=4032%2C3024&#038;ssl=1\" alt=\"\" class=\"uag-image-387\" width=\"4032\" height=\"3024\" title=\"IMG_3239\" loading=\"lazy\" role=\"img\"\/><\/figure><\/div>\n<\/div>\n<\/div><\/div>\n","protected":false},"excerpt":{"rendered":"<p>STANDARD DOBBELTROM MED VINDUSSETE V\u00e5re Standard dobbeltrom med vindusseter ligger i hoved lodgen. Her har du n\u00f8dvendighetene for \u00e5 f\u00e5 [&hellip;]<\/p>\n","protected":false},"author":253302850,"featured_media":2309,"parent":2572,"menu_order":0,"comment_status":"closed","ping_status":"closed","template":"","meta":{"_crdt_document":"","_uag_custom_page_level_css":"","site-sidebar-layout":"default","site-content-layout":"","ast-site-content-layout":"","site-content-style":"default","site-sidebar-style":"default","ast-global-header-display":"","ast-banner-title-visibility":"","ast-main-header-display":"","ast-hfb-above-header-display":"","ast-hfb-below-header-display":"","ast-hfb-mobile-header-display":"","site-post-title":"disabled","ast-breadcrumbs-content":"","ast-featured-img":"","footer-sml-layout":"","theme-transparent-header-meta":"","adv-header-id-meta":"","stick-header-meta":"","header-above-stick-meta":"","header-main-stick-meta":"","header-below-stick-meta":"","astra-migrate-meta-layouts":"default","ast-page-background-enabled":"default","ast-page-background-meta":{"desktop":{"background-color":"var(--ast-global-color-4)","background-image":"","background-repeat":"repeat","background-position":"center center","background-size":"auto","background-attachment":"scroll","background-type":"","background-media":"","overlay-type":"","overlay-color":"","overlay-opacity":"","overlay-gradient":""},"tablet":{"background-color":"","background-image":"","background-repeat":"repeat","background-position":"center center","background-size":"auto","background-attachment":"scroll","background-type":"","background-media":"","overlay-type":"","overlay-color":"","overlay-opacity":"","overlay-gradient":""},"mobile":{"background-color":"","background-image":"","background-repeat":"repeat","background-position":"center center","background-size":"auto","background-attachment":"scroll","background-type":"","background-media":"","overlay-type":"","overlay-color":"","overlay-opacity":"","overlay-gradient":""}},"ast-content-background-meta":{"desktop":{"background-color":"var(--ast-global-color-5)","background-image":"","background-repeat":"repeat","background-position":"center center","background-size":"auto","background-attachment":"scroll","background-type":"","background-media":"","overlay-type":"","overlay-color":"","overlay-opacity":"","overlay-gradient":""},"tablet":{"background-color":"var(--ast-global-color-5)","background-image":"","background-repeat":"repeat","background-position":"center center","background-size":"auto","background-attachment":"scroll","background-type":"","background-media":"","overlay-type":"","overlay-color":"","overlay-opacity":"","overlay-gradient":""},"mobile":{"background-color":"var(--ast-global-color-5)","background-image":"","background-repeat":"repeat","background-position":"center center","background-size":"auto","background-attachment":"scroll","background-type":"","background-media":"","overlay-type":"","overlay-color":"","overlay-opacity":"","overlay-gradient":""}},"_mc_calendar":[],"footnotes":""},"class_list":["post-2671","page","type-page","status-publish","has-post-thumbnail","hentry"],"yoast_head":"<!-- This site is optimized with the Yoast SEO plugin v27.4 - https:\/\/yoast.com\/product\/yoast-seo-wordpress\/ -->\n<title>Standard Dobbeltrom med Vindussete - Bj\u00f8rnfjell Mountain Lodge<\/title>\n<meta name=\"description\" content=\"Rommene er innredet i beroligende og naturlige farger og materialer. Her ligger alt til rette for en avslappende atmosf\u00e6re og god natts s\u00f8vn.\" \/>\n<meta name=\"robots\" content=\"index, follow, max-snippet:-1, max-image-preview:large, max-video-preview:-1\" \/>\n<link rel=\"canonical\" href=\"https:\/\/bjornfjell.com\/no\/overnatting\/standard-dobbeltrom-vindussete\/\" \/>\n<meta property=\"og:locale\" content=\"nb_NO\" \/>\n<meta property=\"og:type\" content=\"article\" \/>\n<meta property=\"og:title\" content=\"Standard Dobbeltrom med Vindussete - Bj\u00f8rnfjell Mountain Lodge\" \/>\n<meta property=\"og:description\" content=\"Rommene er innredet i beroligende og naturlige farger og materialer. Her ligger alt til rette for en avslappende atmosf\u00e6re og god natts s\u00f8vn.\" \/>\n<meta property=\"og:url\" content=\"https:\/\/bjornfjell.com\/no\/overnatting\/standard-dobbeltrom-vindussete\/\" \/>\n<meta property=\"og:site_name\" content=\"Bj\u00f8rnfjell Mountain Lodge\" \/>\n<meta property=\"article:publisher\" content=\"https:\/\/www.facebook.com\/bjornfjellmountainlodge\/\" \/>\n<meta property=\"article:modified_time\" content=\"2025-07-23T07:44:58+00:00\" \/>\n<meta property=\"og:image\" content=\"https:\/\/bjornfjell.com\/wp-content\/uploads\/2024\/07\/img_3236.jpeg\" \/>\n\t<meta property=\"og:image:width\" content=\"1365\" \/>\n\t<meta property=\"og:image:height\" content=\"1024\" \/>\n\t<meta property=\"og:image:type\" content=\"image\/jpeg\" \/>\n<meta name=\"twitter:card\" content=\"summary_large_image\" \/>\n<meta name=\"twitter:label1\" content=\"Ansl. lesetid\" \/>\n\t<meta name=\"twitter:data1\" content=\"2 minutter\" \/>\n<script type=\"application\/ld+json\" class=\"yoast-schema-graph\">{\"@context\":\"https:\\\/\\\/schema.org\",\"@graph\":[{\"@type\":\"WebPage\",\"@id\":\"https:\\\/\\\/bjornfjell.com\\\/no\\\/overnatting\\\/standard-dobbeltrom-vindussete\\\/\",\"url\":\"https:\\\/\\\/bjornfjell.com\\\/no\\\/overnatting\\\/standard-dobbeltrom-vindussete\\\/\",\"name\":\"Standard Dobbeltrom med Vindussete - Bj\u00f8rnfjell Mountain Lodge\",\"isPartOf\":{\"@id\":\"https:\\\/\\\/bjornfjell.com\\\/#website\"},\"primaryImageOfPage\":{\"@id\":\"https:\\\/\\\/bjornfjell.com\\\/no\\\/overnatting\\\/standard-dobbeltrom-vindussete\\\/#primaryimage\"},\"image\":{\"@id\":\"https:\\\/\\\/bjornfjell.com\\\/no\\\/overnatting\\\/standard-dobbeltrom-vindussete\\\/#primaryimage\"},\"thumbnailUrl\":\"https:\\\/\\\/i0.wp.com\\\/bjornfjell.com\\\/wp-content\\\/uploads\\\/2024\\\/07\\\/img_3236.jpeg?fit=4032%2C3024&ssl=1\",\"datePublished\":\"2024-08-01T13:39:06+00:00\",\"dateModified\":\"2025-07-23T07:44:58+00:00\",\"description\":\"Rommene er innredet i beroligende og naturlige farger og materialer. Her ligger alt til rette for en avslappende atmosf\u00e6re og god natts s\u00f8vn.\",\"breadcrumb\":{\"@id\":\"https:\\\/\\\/bjornfjell.com\\\/no\\\/overnatting\\\/standard-dobbeltrom-vindussete\\\/#breadcrumb\"},\"inLanguage\":\"nb-NO\",\"potentialAction\":[{\"@type\":\"ReadAction\",\"target\":[\"https:\\\/\\\/bjornfjell.com\\\/no\\\/overnatting\\\/standard-dobbeltrom-vindussete\\\/\"]}]},{\"@type\":\"ImageObject\",\"inLanguage\":\"nb-NO\",\"@id\":\"https:\\\/\\\/bjornfjell.com\\\/no\\\/overnatting\\\/standard-dobbeltrom-vindussete\\\/#primaryimage\",\"url\":\"https:\\\/\\\/i0.wp.com\\\/bjornfjell.com\\\/wp-content\\\/uploads\\\/2024\\\/07\\\/img_3236.jpeg?fit=4032%2C3024&ssl=1\",\"contentUrl\":\"https:\\\/\\\/i0.wp.com\\\/bjornfjell.com\\\/wp-content\\\/uploads\\\/2024\\\/07\\\/img_3236.jpeg?fit=4032%2C3024&ssl=1\",\"width\":4032,\"height\":3024},{\"@type\":\"BreadcrumbList\",\"@id\":\"https:\\\/\\\/bjornfjell.com\\\/no\\\/overnatting\\\/standard-dobbeltrom-vindussete\\\/#breadcrumb\",\"itemListElement\":[{\"@type\":\"ListItem\",\"position\":1,\"name\":\"Home\",\"item\":\"https:\\\/\\\/bjornfjell.com\\\/no\\\/\"},{\"@type\":\"ListItem\",\"position\":2,\"name\":\"Overnatting\",\"item\":\"https:\\\/\\\/bjornfjell.com\\\/no\\\/overnatting\\\/\"},{\"@type\":\"ListItem\",\"position\":3,\"name\":\"Standard Dobbeltrom med Vindussete\"}]},{\"@type\":\"WebSite\",\"@id\":\"https:\\\/\\\/bjornfjell.com\\\/#website\",\"url\":\"https:\\\/\\\/bjornfjell.com\\\/\",\"name\":\"Bj\u00f8rnfjell Mountain Lodge\",\"description\":\"Authentic Norwegian Accommodation &amp; Arctic Adventures\",\"publisher\":{\"@id\":\"https:\\\/\\\/bjornfjell.com\\\/#organization\"},\"potentialAction\":[{\"@type\":\"SearchAction\",\"target\":{\"@type\":\"EntryPoint\",\"urlTemplate\":\"https:\\\/\\\/bjornfjell.com\\\/?s={search_term_string}\"},\"query-input\":{\"@type\":\"PropertyValueSpecification\",\"valueRequired\":true,\"valueName\":\"search_term_string\"}}],\"inLanguage\":\"nb-NO\"},{\"@type\":\"Organization\",\"@id\":\"https:\\\/\\\/bjornfjell.com\\\/#organization\",\"name\":\"Bj\u00f8rnfjell Mountain Lodge\",\"url\":\"https:\\\/\\\/bjornfjell.com\\\/\",\"logo\":{\"@type\":\"ImageObject\",\"inLanguage\":\"nb-NO\",\"@id\":\"https:\\\/\\\/bjornfjell.com\\\/#\\\/schema\\\/logo\\\/image\\\/\",\"url\":\"https:\\\/\\\/i0.wp.com\\\/bjornfjell.com\\\/wp-content\\\/uploads\\\/2024\\\/07\\\/cropped-cropped-design-uten-navn-2.png?fit=936%2C210&ssl=1\",\"contentUrl\":\"https:\\\/\\\/i0.wp.com\\\/bjornfjell.com\\\/wp-content\\\/uploads\\\/2024\\\/07\\\/cropped-cropped-design-uten-navn-2.png?fit=936%2C210&ssl=1\",\"width\":936,\"height\":210,\"caption\":\"Bj\u00f8rnfjell Mountain Lodge\"},\"image\":{\"@id\":\"https:\\\/\\\/bjornfjell.com\\\/#\\\/schema\\\/logo\\\/image\\\/\"},\"sameAs\":[\"https:\\\/\\\/www.facebook.com\\\/bjornfjellmountainlodge\\\/\",\"https:\\\/\\\/www.instagram.com\\\/bjornfjellmountainlodge\\\/\"]}]}<\/script>\n<!-- \/ Yoast SEO plugin. -->","yoast_head_json":{"title":"Standard Dobbeltrom med Vindussete - Bj\u00f8rnfjell Mountain Lodge","description":"Rommene er innredet i beroligende og naturlige farger og materialer. Her ligger alt til rette for en avslappende atmosf\u00e6re og god natts s\u00f8vn.","robots":{"index":"index","follow":"follow","max-snippet":"max-snippet:-1","max-image-preview":"max-image-preview:large","max-video-preview":"max-video-preview:-1"},"canonical":"https:\/\/bjornfjell.com\/no\/overnatting\/standard-dobbeltrom-vindussete\/","og_locale":"nb_NO","og_type":"article","og_title":"Standard Dobbeltrom med Vindussete - Bj\u00f8rnfjell Mountain Lodge","og_description":"Rommene er innredet i beroligende og naturlige farger og materialer. Her ligger alt til rette for en avslappende atmosf\u00e6re og god natts s\u00f8vn.","og_url":"https:\/\/bjornfjell.com\/no\/overnatting\/standard-dobbeltrom-vindussete\/","og_site_name":"Bj\u00f8rnfjell Mountain Lodge","article_publisher":"https:\/\/www.facebook.com\/bjornfjellmountainlodge\/","article_modified_time":"2025-07-23T07:44:58+00:00","og_image":[{"url":"https:\/\/bjornfjell.com\/wp-content\/uploads\/2024\/07\/img_3236.jpeg","width":1365,"height":1024,"type":"image\/jpeg"}],"twitter_card":"summary_large_image","twitter_misc":{"Ansl. lesetid":"2 minutter"},"schema":{"@context":"https:\/\/schema.org","@graph":[{"@type":"WebPage","@id":"https:\/\/bjornfjell.com\/no\/overnatting\/standard-dobbeltrom-vindussete\/","url":"https:\/\/bjornfjell.com\/no\/overnatting\/standard-dobbeltrom-vindussete\/","name":"Standard Dobbeltrom med Vindussete - Bj\u00f8rnfjell Mountain Lodge","isPartOf":{"@id":"https:\/\/bjornfjell.com\/#website"},"primaryImageOfPage":{"@id":"https:\/\/bjornfjell.com\/no\/overnatting\/standard-dobbeltrom-vindussete\/#primaryimage"},"image":{"@id":"https:\/\/bjornfjell.com\/no\/overnatting\/standard-dobbeltrom-vindussete\/#primaryimage"},"thumbnailUrl":"https:\/\/i0.wp.com\/bjornfjell.com\/wp-content\/uploads\/2024\/07\/img_3236.jpeg?fit=4032%2C3024&ssl=1","datePublished":"2024-08-01T13:39:06+00:00","dateModified":"2025-07-23T07:44:58+00:00","description":"Rommene er innredet i beroligende og naturlige farger og materialer. Her ligger alt til rette for en avslappende atmosf\u00e6re og god natts s\u00f8vn.","breadcrumb":{"@id":"https:\/\/bjornfjell.com\/no\/overnatting\/standard-dobbeltrom-vindussete\/#breadcrumb"},"inLanguage":"nb-NO","potentialAction":[{"@type":"ReadAction","target":["https:\/\/bjornfjell.com\/no\/overnatting\/standard-dobbeltrom-vindussete\/"]}]},{"@type":"ImageObject","inLanguage":"nb-NO","@id":"https:\/\/bjornfjell.com\/no\/overnatting\/standard-dobbeltrom-vindussete\/#primaryimage","url":"https:\/\/i0.wp.com\/bjornfjell.com\/wp-content\/uploads\/2024\/07\/img_3236.jpeg?fit=4032%2C3024&ssl=1","contentUrl":"https:\/\/i0.wp.com\/bjornfjell.com\/wp-content\/uploads\/2024\/07\/img_3236.jpeg?fit=4032%2C3024&ssl=1","width":4032,"height":3024},{"@type":"BreadcrumbList","@id":"https:\/\/bjornfjell.com\/no\/overnatting\/standard-dobbeltrom-vindussete\/#breadcrumb","itemListElement":[{"@type":"ListItem","position":1,"name":"Home","item":"https:\/\/bjornfjell.com\/no\/"},{"@type":"ListItem","position":2,"name":"Overnatting","item":"https:\/\/bjornfjell.com\/no\/overnatting\/"},{"@type":"ListItem","position":3,"name":"Standard Dobbeltrom med Vindussete"}]},{"@type":"WebSite","@id":"https:\/\/bjornfjell.com\/#website","url":"https:\/\/bjornfjell.com\/","name":"Bj\u00f8rnfjell Mountain Lodge","description":"Authentic Norwegian Accommodation &amp; Arctic Adventures","publisher":{"@id":"https:\/\/bjornfjell.com\/#organization"},"potentialAction":[{"@type":"SearchAction","target":{"@type":"EntryPoint","urlTemplate":"https:\/\/bjornfjell.com\/?s={search_term_string}"},"query-input":{"@type":"PropertyValueSpecification","valueRequired":true,"valueName":"search_term_string"}}],"inLanguage":"nb-NO"},{"@type":"Organization","@id":"https:\/\/bjornfjell.com\/#organization","name":"Bj\u00f8rnfjell Mountain Lodge","url":"https:\/\/bjornfjell.com\/","logo":{"@type":"ImageObject","inLanguage":"nb-NO","@id":"https:\/\/bjornfjell.com\/#\/schema\/logo\/image\/","url":"https:\/\/i0.wp.com\/bjornfjell.com\/wp-content\/uploads\/2024\/07\/cropped-cropped-design-uten-navn-2.png?fit=936%2C210&ssl=1","contentUrl":"https:\/\/i0.wp.com\/bjornfjell.com\/wp-content\/uploads\/2024\/07\/cropped-cropped-design-uten-navn-2.png?fit=936%2C210&ssl=1","width":936,"height":210,"caption":"Bj\u00f8rnfjell Mountain Lodge"},"image":{"@id":"https:\/\/bjornfjell.com\/#\/schema\/logo\/image\/"},"sameAs":["https:\/\/www.facebook.com\/bjornfjellmountainlodge\/","https:\/\/www.instagram.com\/bjornfjellmountainlodge\/"]}]}},"uagb_featured_image_src":{"full":["https:\/\/i0.wp.com\/bjornfjell.com\/wp-content\/uploads\/2024\/07\/img_3236.jpeg?fit=4032%2C3024&ssl=1",4032,3024,false],"thumbnail":["https:\/\/i0.wp.com\/bjornfjell.com\/wp-content\/uploads\/2024\/07\/img_3236.jpeg?resize=150%2C150&ssl=1",150,150,true],"medium":["https:\/\/i0.wp.com\/bjornfjell.com\/wp-content\/uploads\/2024\/07\/img_3236.jpeg?fit=300%2C225&ssl=1",300,225,true],"medium_large":["https:\/\/i0.wp.com\/bjornfjell.com\/wp-content\/uploads\/2024\/07\/img_3236.jpeg?fit=768%2C576&ssl=1",768,576,true],"large":["https:\/\/i0.wp.com\/bjornfjell.com\/wp-content\/uploads\/2024\/07\/img_3236.jpeg?fit=1024%2C768&ssl=1",1024,768,true],"1536x1536":["https:\/\/i0.wp.com\/bjornfjell.com\/wp-content\/uploads\/2024\/07\/img_3236.jpeg?fit=1536%2C1152&ssl=1",1536,1152,true],"2048x2048":["https:\/\/i0.wp.com\/bjornfjell.com\/wp-content\/uploads\/2024\/07\/img_3236.jpeg?fit=2048%2C1536&ssl=1",2048,1536,true],"newspack-article-block-landscape-large":["https:\/\/i0.wp.com\/bjornfjell.com\/wp-content\/uploads\/2024\/07\/img_3236.jpeg?resize=1200%2C900&ssl=1",1200,900,true],"newspack-article-block-portrait-large":["https:\/\/i0.wp.com\/bjornfjell.com\/wp-content\/uploads\/2024\/07\/img_3236.jpeg?resize=900%2C1200&ssl=1",900,1200,true],"newspack-article-block-square-large":["https:\/\/i0.wp.com\/bjornfjell.com\/wp-content\/uploads\/2024\/07\/img_3236.jpeg?resize=1200%2C1200&ssl=1",1200,1200,true],"newspack-article-block-landscape-medium":["https:\/\/i0.wp.com\/bjornfjell.com\/wp-content\/uploads\/2024\/07\/img_3236.jpeg?resize=800%2C600&ssl=1",800,600,true],"newspack-article-block-portrait-medium":["https:\/\/i0.wp.com\/bjornfjell.com\/wp-content\/uploads\/2024\/07\/img_3236.jpeg?resize=600%2C800&ssl=1",600,800,true],"newspack-article-block-square-medium":["https:\/\/i0.wp.com\/bjornfjell.com\/wp-content\/uploads\/2024\/07\/img_3236.jpeg?resize=800%2C800&ssl=1",800,800,true],"newspack-article-block-landscape-intermediate":["https:\/\/i0.wp.com\/bjornfjell.com\/wp-content\/uploads\/2024\/07\/img_3236.jpeg?resize=600%2C450&ssl=1",600,450,true],"newspack-article-block-portrait-intermediate":["https:\/\/i0.wp.com\/bjornfjell.com\/wp-content\/uploads\/2024\/07\/img_3236.jpeg?resize=450%2C600&ssl=1",450,600,true],"newspack-article-block-square-intermediate":["https:\/\/i0.wp.com\/bjornfjell.com\/wp-content\/uploads\/2024\/07\/img_3236.jpeg?resize=600%2C600&ssl=1",600,600,true],"newspack-article-block-landscape-small":["https:\/\/i0.wp.com\/bjornfjell.com\/wp-content\/uploads\/2024\/07\/img_3236.jpeg?resize=400%2C300&ssl=1",400,300,true],"newspack-article-block-portrait-small":["https:\/\/i0.wp.com\/bjornfjell.com\/wp-content\/uploads\/2024\/07\/img_3236.jpeg?resize=300%2C400&ssl=1",300,400,true],"newspack-article-block-square-small":["https:\/\/i0.wp.com\/bjornfjell.com\/wp-content\/uploads\/2024\/07\/img_3236.jpeg?resize=400%2C400&ssl=1",400,400,true],"newspack-article-block-landscape-tiny":["https:\/\/i0.wp.com\/bjornfjell.com\/wp-content\/uploads\/2024\/07\/img_3236.jpeg?resize=200%2C150&ssl=1",200,150,true],"newspack-article-block-portrait-tiny":["https:\/\/i0.wp.com\/bjornfjell.com\/wp-content\/uploads\/2024\/07\/img_3236.jpeg?resize=150%2C200&ssl=1",150,200,true],"newspack-article-block-square-tiny":["https:\/\/i0.wp.com\/bjornfjell.com\/wp-content\/uploads\/2024\/07\/img_3236.jpeg?resize=200%2C200&ssl=1",200,200,true],"newspack-article-block-uncropped":["https:\/\/i0.wp.com\/bjornfjell.com\/wp-content\/uploads\/2024\/07\/img_3236.jpeg?fit=1200%2C900&ssl=1",1200,900,true]},"uagb_author_info":{"display_name":"Bj\u00f8rnfjell Mountain Lodge","author_link":"https:\/\/bjornfjell.com\/no\/author\/bjornfjellmountainlodge\/"},"uagb_comment_info":0,"uagb_excerpt":"STANDARD DOBBELTROM MED VINDUSSETE V\u00e5re Standard dobbeltrom med vindusseter ligger i hoved lodgen. Her har du n\u00f8dvendighetene for \u00e5 f\u00e5 [&hellip;]","jetpack_shortlink":"https:\/\/wp.me\/PfUHX1-H5","jetpack-related-posts":[],"jetpack_sharing_enabled":true,"_links":{"self":[{"href":"https:\/\/bjornfjell.com\/no\/wp-json\/wp\/v2\/pages\/2671","targetHints":{"allow":["GET"]}}],"collection":[{"href":"https:\/\/bjornfjell.com\/no\/wp-json\/wp\/v2\/pages"}],"about":[{"href":"https:\/\/bjornfjell.com\/no\/wp-json\/wp\/v2\/types\/page"}],"author":[{"embeddable":true,"href":"https:\/\/bjornfjell.com\/no\/wp-json\/wp\/v2\/users\/253302850"}],"replies":[{"embeddable":true,"href":"https:\/\/bjornfjell.com\/no\/wp-json\/wp\/v2\/comments?post=2671"}],"version-history":[{"count":4,"href":"https:\/\/bjornfjell.com\/no\/wp-json\/wp\/v2\/pages\/2671\/revisions"}],"predecessor-version":[{"id":2956,"href":"https:\/\/bjornfjell.com\/no\/wp-json\/wp\/v2\/pages\/2671\/revisions\/2956"}],"up":[{"embeddable":true,"href":"https:\/\/bjornfjell.com\/no\/wp-json\/wp\/v2\/pages\/2572"}],"wp:featuredmedia":[{"embeddable":true,"href":"https:\/\/bjornfjell.com\/no\/wp-json\/wp\/v2\/media\/2309"}],"wp:attachment":[{"href":"https:\/\/bjornfjell.com\/no\/wp-json\/wp\/v2\/media?parent=2671"}],"curies":[{"name":"wp","href":"https:\/\/api.w.org\/{rel}","templated":true}]}}