{"id":2674,"date":"2024-08-02T11:18:35","date_gmt":"2024-08-02T09:18:35","guid":{"rendered":"https:\/\/bjornfjell.com\/overnatting\/familierom\/"},"modified":"2025-05-14T12:26:59","modified_gmt":"2025-05-14T10:26:59","slug":"familierom","status":"publish","type":"page","link":"https:\/\/bjornfjell.com\/no\/overnatting\/familierom\/","title":{"rendered":"Familierom"},"content":{"rendered":"\n<div class=\"wp-block-uagb-container uagb-block-32206d9e alignfull uagb-is-root-container\"><div class=\"uagb-container-inner-blocks-wrap\">\n<div class=\"wp-block-uagb-advanced-heading uagb-block-cb79a385\"><h2 class=\"uagb-heading-text\">FAMILIEROM<\/h2><div class=\"uagb-separator\"><\/div><\/div>\n<\/div><\/div>\n\n\n\n<div class=\"wp-block-uagb-container uagb-block-97ed0c3d alignfull uagb-is-root-container\"><div class=\"uagb-container-inner-blocks-wrap\">\n<div style=\"height:15px\" aria-hidden=\"true\" class=\"wp-block-spacer\"><\/div>\n\n\n\n<div class=\"wp-block-uagb-advanced-heading uagb-block-c5088085\"><p class=\"uagb-heading-text\">V\u00e5re familierom er designet for \u00e5 romme 2 voksne og opptil 2 barn, og sikrer at alle gjester, b\u00e5de unge og gamle, opplever den samme wow-faktoren mens de bor p\u00e5 Bj\u00f8rnfjell Mountain Lodge. Barn kan nyte en unik s\u00f8vnopplevelse under stjernene i sin egen koselige tretopphytte. Vi tror p\u00e5 \u00e5 skape varige minner og uforglemmelige opplevelser for hele familien!<\/p><div class=\"uagb-separator\"><\/div><\/div>\n\n\n\n<div class=\"wp-block-buttons is-content-justification-center is-layout-flex wp-container-core-buttons-is-layout-3e41869c wp-block-buttons-is-layout-flex\">\n<div class=\"wp-block-button\"><a class=\"wp-block-button__link wp-element-button\" href=\"https:\/\/bjornfjell.com\/no\/bestill-online\/\">BOOK N\u00c5<\/a><\/div>\n<\/div>\n<\/div><\/div>\n\n\n\n<div class=\"wp-block-uagb-container uagb-block-d1dd61eb alignfull uagb-is-root-container\"><div class=\"uagb-container-inner-blocks-wrap\">\n<div class=\"wp-block-uagb-container uagb-block-46a85f2d\">\n<div class=\"wp-block-uagb-advanced-heading uagb-block-6aef5ebf\"><h1 class=\"uagb-heading-text\">Fasiliteter<\/h1><div class=\"uagb-separator\"><\/div><\/div>\n\n\n\n<ul class=\"wp-block-list\">\n<li class=\"has-ast-global-color-6-color has-text-color has-link-color wp-elements-bc8f08d4d0cb024f2962bb8eea758387\">Dobbeltseng <\/li>\n\n\n\n<li class=\"has-ast-global-color-6-color has-text-color has-link-color wp-elements-f95481e894dc03cf11fc099a65c6ffdd\">Trehytte med 1 seng (passer for barn p\u00e5 140 cm eller lavere) <\/li>\n\n\n\n<li class=\"has-ast-global-color-6-color has-text-color has-link-color wp-elements-32823e35171e982212f8e02c03bcd9b4\">Eget bad med dusj <\/li>\n\n\n\n<li class=\"has-ast-global-color-6-color has-text-color has-link-color wp-elements-e39cfa3dcf35d0910184c91d54d1abd7\">Baderomsprodukter <\/li>\n\n\n\n<li class=\"has-ast-global-color-6-color has-text-color has-link-color wp-elements-868473fd0ee75d869d24b56047c37320\">Lenestol <\/li>\n\n\n\n<li class=\"has-ast-global-color-6-color has-text-color has-link-color wp-elements-1b3a4bd82939aecd51f3ab7a4541ba42\">Romst\u00f8rrelse: 16 kvadratmeter<br><br>Priser fra NOK 2495,- per natt inkludert frokost.<\/li>\n<\/ul>\n\n\n\n<div class=\"wp-block-uagb-image uagb-block-dcfb357e wp-block-uagb-image--layout-default wp-block-uagb-image--effect-static wp-block-uagb-image--align-none\"><figure class=\"wp-block-uagb-image__figure\"><img data-recalc-dims=\"1\" decoding=\"async\" srcset=\"https:\/\/bjornfjell.com\/wp-content\/uploads\/2024\/08\/img_3151.jpeg ,https:\/\/bjornfjell.com\/wp-content\/uploads\/2024\/08\/img_3151.jpeg 780w, https:\/\/bjornfjell.com\/wp-content\/uploads\/2024\/08\/img_3151.jpeg 360w\" sizes=\"auto, (max-width: 480px) 150px\" src=\"https:\/\/i0.wp.com\/bjornfjell.com\/wp-content\/uploads\/2024\/08\/img_3151.jpeg?resize=3024%2C4032&#038;ssl=1\" alt=\"\" class=\"uag-image-367\" width=\"3024\" height=\"4032\" title=\"IMG_3151\" loading=\"lazy\" role=\"img\"\/><\/figure><\/div>\n\n\n\n<div class=\"wp-block-uagb-image uagb-block-6a39f0a9 wp-block-uagb-image--layout-default wp-block-uagb-image--effect-static wp-block-uagb-image--align-none\"><figure class=\"wp-block-uagb-image__figure\"><img data-recalc-dims=\"1\" decoding=\"async\" srcset=\"https:\/\/bjornfjell.com\/wp-content\/uploads\/2024\/08\/img_3359.jpeg ,https:\/\/bjornfjell.com\/wp-content\/uploads\/2024\/08\/img_3359.jpeg 780w, https:\/\/bjornfjell.com\/wp-content\/uploads\/2024\/08\/img_3359.jpeg 360w\" sizes=\"auto, (max-width: 480px) 150px\" src=\"https:\/\/i0.wp.com\/bjornfjell.com\/wp-content\/uploads\/2024\/08\/img_3359.jpeg?resize=569%2C759&#038;ssl=1\" alt=\"\" class=\"uag-image-422\" width=\"569\" height=\"759\" title=\"IMG_3359\" loading=\"lazy\" role=\"img\"\/><\/figure><\/div>\n\n\n\n<div style=\"height:133px\" aria-hidden=\"true\" class=\"wp-block-spacer\"><\/div>\n<\/div>\n\n\n\n<div class=\"wp-block-uagb-container uagb-block-15119d44\">\n<div class=\"wp-block-uagb-image uagb-block-ea0446b1 wp-block-uagb-image--layout-default wp-block-uagb-image--effect-static wp-block-uagb-image--align-none\"><figure class=\"wp-block-uagb-image__figure\"><img data-recalc-dims=\"1\" decoding=\"async\" srcset=\"https:\/\/bjornfjell.com\/wp-content\/uploads\/2024\/07\/img_9885.jpg ,https:\/\/bjornfjell.com\/wp-content\/uploads\/2024\/07\/img_9885.jpg 780w, https:\/\/bjornfjell.com\/wp-content\/uploads\/2024\/07\/img_9885.jpg 360w\" sizes=\"auto, (max-width: 480px) 150px\" src=\"https:\/\/i0.wp.com\/bjornfjell.com\/wp-content\/uploads\/2024\/07\/img_9885.jpg?resize=1035%2C1380&#038;ssl=1\" alt=\"\" class=\"uag-image-217\" width=\"1035\" height=\"1380\" title=\"IMG_9885\" loading=\"lazy\" role=\"img\"\/><\/figure><\/div>\n\n\n\n<div class=\"wp-block-uagb-image uagb-block-9e127cc8 wp-block-uagb-image--layout-default wp-block-uagb-image--effect-static wp-block-uagb-image--align-none\"><figure class=\"wp-block-uagb-image__figure\"><img data-recalc-dims=\"1\" decoding=\"async\" srcset=\"https:\/\/bjornfjell.com\/wp-content\/uploads\/2024\/08\/img_3233.jpeg ,https:\/\/bjornfjell.com\/wp-content\/uploads\/2024\/08\/img_3233.jpeg 780w, https:\/\/bjornfjell.com\/wp-content\/uploads\/2024\/08\/img_3233.jpeg 360w\" sizes=\"auto, (max-width: 480px) 150px\" src=\"https:\/\/i0.wp.com\/bjornfjell.com\/wp-content\/uploads\/2024\/08\/img_3233.jpeg?resize=4032%2C3024&#038;ssl=1\" alt=\"\" class=\"uag-image-371\" width=\"4032\" height=\"3024\" title=\"IMG_3233\" loading=\"lazy\" role=\"img\"\/><\/figure><\/div>\n\n\n\n<div class=\"wp-block-uagb-image uagb-block-55c4bd5d wp-block-uagb-image--layout-default wp-block-uagb-image--effect-static wp-block-uagb-image--align-none\"><figure class=\"wp-block-uagb-image__figure\"><img data-recalc-dims=\"1\" decoding=\"async\" srcset=\"https:\/\/bjornfjell.com\/wp-content\/uploads\/2024\/08\/img_0856.jpg ,https:\/\/bjornfjell.com\/wp-content\/uploads\/2024\/08\/img_0856.jpg 780w, https:\/\/bjornfjell.com\/wp-content\/uploads\/2024\/08\/img_0856.jpg 360w\" sizes=\"auto, (max-width: 480px) 150px\" src=\"https:\/\/i0.wp.com\/bjornfjell.com\/wp-content\/uploads\/2024\/08\/img_0856.jpg?resize=3024%2C4032&#038;ssl=1\" alt=\"\" class=\"uag-image-424\" width=\"3024\" height=\"4032\" title=\"IMG_0856\" loading=\"lazy\" role=\"img\"\/><\/figure><\/div>\n<\/div>\n<\/div><\/div>\n","protected":false},"excerpt":{"rendered":"<p>FAMILIEROM V\u00e5re familierom er designet for \u00e5 romme 2 voksne og opptil 2 barn, og sikrer at alle gjester, b\u00e5de [&hellip;]<\/p>\n","protected":false},"author":253302850,"featured_media":2366,"parent":2572,"menu_order":0,"comment_status":"closed","ping_status":"closed","template":"","meta":{"_crdt_document":"","_uag_custom_page_level_css":"","site-sidebar-layout":"default","site-content-layout":"","ast-site-content-layout":"","site-content-style":"default","site-sidebar-style":"default","ast-global-header-display":"","ast-banner-title-visibility":"","ast-main-header-display":"","ast-hfb-above-header-display":"","ast-hfb-below-header-display":"","ast-hfb-mobile-header-display":"","site-post-title":"disabled","ast-breadcrumbs-content":"","ast-featured-img":"","footer-sml-layout":"","theme-transparent-header-meta":"","adv-header-id-meta":"","stick-header-meta":"","header-above-stick-meta":"","header-main-stick-meta":"","header-below-stick-meta":"","astra-migrate-meta-layouts":"default","ast-page-background-enabled":"default","ast-page-background-meta":{"desktop":{"background-color":"var(--ast-global-color-4)","background-image":"","background-repeat":"repeat","background-position":"center center","background-size":"auto","background-attachment":"scroll","background-type":"","background-media":"","overlay-type":"","overlay-color":"","overlay-opacity":"","overlay-gradient":""},"tablet":{"background-color":"","background-image":"","background-repeat":"repeat","background-position":"center center","background-size":"auto","background-attachment":"scroll","background-type":"","background-media":"","overlay-type":"","overlay-color":"","overlay-opacity":"","overlay-gradient":""},"mobile":{"background-color":"","background-image":"","background-repeat":"repeat","background-position":"center center","background-size":"auto","background-attachment":"scroll","background-type":"","background-media":"","overlay-type":"","overlay-color":"","overlay-opacity":"","overlay-gradient":""}},"ast-content-background-meta":{"desktop":{"background-color":"var(--ast-global-color-5)","background-image":"","background-repeat":"repeat","background-position":"center center","background-size":"auto","background-attachment":"scroll","background-type":"","background-media":"","overlay-type":"","overlay-color":"","overlay-opacity":"","overlay-gradient":""},"tablet":{"background-color":"var(--ast-global-color-5)","background-image":"","background-repeat":"repeat","background-position":"center center","background-size":"auto","background-attachment":"scroll","background-type":"","background-media":"","overlay-type":"","overlay-color":"","overlay-opacity":"","overlay-gradient":""},"mobile":{"background-color":"var(--ast-global-color-5)","background-image":"","background-repeat":"repeat","background-position":"center center","background-size":"auto","background-attachment":"scroll","background-type":"","background-media":"","overlay-type":"","overlay-color":"","overlay-opacity":"","overlay-gradient":""}},"_mc_calendar":[],"footnotes":""},"class_list":["post-2674","page","type-page","status-publish","has-post-thumbnail","hentry"],"yoast_head":"<!-- This site is optimized with the Yoast SEO plugin v27.5 - https:\/\/yoast.com\/product\/yoast-seo-wordpress\/ -->\n<title>Familierom - Bj\u00f8rnfjell Mountain Lodge<\/title>\n<meta name=\"description\" content=\"V\u00e5re familierom er designet for \u00e5 romme 2 voksne og opptil 2 barn, og sikrer at hele familien f\u00e5r den samme wow-faktoren under oppholdet.\" \/>\n<meta name=\"robots\" content=\"index, follow, max-snippet:-1, max-image-preview:large, max-video-preview:-1\" \/>\n<link rel=\"canonical\" href=\"https:\/\/bjornfjell.com\/no\/overnatting\/familierom\/\" \/>\n<meta property=\"og:locale\" content=\"nb_NO\" \/>\n<meta property=\"og:type\" content=\"article\" \/>\n<meta property=\"og:title\" content=\"Familierom - Bj\u00f8rnfjell Mountain Lodge\" \/>\n<meta property=\"og:description\" content=\"V\u00e5re familierom er designet for \u00e5 romme 2 voksne og opptil 2 barn, og sikrer at hele familien f\u00e5r den samme wow-faktoren under oppholdet.\" \/>\n<meta property=\"og:url\" content=\"https:\/\/bjornfjell.com\/no\/overnatting\/familierom\/\" \/>\n<meta property=\"og:site_name\" content=\"Bj\u00f8rnfjell Mountain Lodge\" \/>\n<meta property=\"article:publisher\" content=\"https:\/\/www.facebook.com\/bjornfjellmountainlodge\/\" \/>\n<meta property=\"article:modified_time\" content=\"2025-05-14T10:26:59+00:00\" \/>\n<meta property=\"og:image\" content=\"https:\/\/bjornfjell.com\/wp-content\/uploads\/2024\/08\/img_0856.jpg\" \/>\n\t<meta property=\"og:image:width\" content=\"768\" \/>\n\t<meta property=\"og:image:height\" content=\"1024\" \/>\n\t<meta property=\"og:image:type\" content=\"image\/jpeg\" \/>\n<meta name=\"twitter:card\" content=\"summary_large_image\" \/>\n<meta name=\"twitter:label1\" content=\"Ansl. lesetid\" \/>\n\t<meta name=\"twitter:data1\" content=\"2 minutter\" \/>\n<script type=\"application\/ld+json\" class=\"yoast-schema-graph\">{\"@context\":\"https:\\\/\\\/schema.org\",\"@graph\":[{\"@type\":\"WebPage\",\"@id\":\"https:\\\/\\\/bjornfjell.com\\\/no\\\/overnatting\\\/familierom\\\/\",\"url\":\"https:\\\/\\\/bjornfjell.com\\\/no\\\/overnatting\\\/familierom\\\/\",\"name\":\"Familierom - Bj\u00f8rnfjell Mountain Lodge\",\"isPartOf\":{\"@id\":\"https:\\\/\\\/bjornfjell.com\\\/#website\"},\"primaryImageOfPage\":{\"@id\":\"https:\\\/\\\/bjornfjell.com\\\/no\\\/overnatting\\\/familierom\\\/#primaryimage\"},\"image\":{\"@id\":\"https:\\\/\\\/bjornfjell.com\\\/no\\\/overnatting\\\/familierom\\\/#primaryimage\"},\"thumbnailUrl\":\"https:\\\/\\\/i0.wp.com\\\/bjornfjell.com\\\/wp-content\\\/uploads\\\/2024\\\/08\\\/img_0856.jpg?fit=3024%2C4032&ssl=1\",\"datePublished\":\"2024-08-02T09:18:35+00:00\",\"dateModified\":\"2025-05-14T10:26:59+00:00\",\"description\":\"V\u00e5re familierom er designet for \u00e5 romme 2 voksne og opptil 2 barn, og sikrer at hele familien f\u00e5r den samme wow-faktoren under oppholdet.\",\"breadcrumb\":{\"@id\":\"https:\\\/\\\/bjornfjell.com\\\/no\\\/overnatting\\\/familierom\\\/#breadcrumb\"},\"inLanguage\":\"nb-NO\",\"potentialAction\":[{\"@type\":\"ReadAction\",\"target\":[\"https:\\\/\\\/bjornfjell.com\\\/no\\\/overnatting\\\/familierom\\\/\"]}]},{\"@type\":\"ImageObject\",\"inLanguage\":\"nb-NO\",\"@id\":\"https:\\\/\\\/bjornfjell.com\\\/no\\\/overnatting\\\/familierom\\\/#primaryimage\",\"url\":\"https:\\\/\\\/i0.wp.com\\\/bjornfjell.com\\\/wp-content\\\/uploads\\\/2024\\\/08\\\/img_0856.jpg?fit=3024%2C4032&ssl=1\",\"contentUrl\":\"https:\\\/\\\/i0.wp.com\\\/bjornfjell.com\\\/wp-content\\\/uploads\\\/2024\\\/08\\\/img_0856.jpg?fit=3024%2C4032&ssl=1\",\"width\":3024,\"height\":4032},{\"@type\":\"BreadcrumbList\",\"@id\":\"https:\\\/\\\/bjornfjell.com\\\/no\\\/overnatting\\\/familierom\\\/#breadcrumb\",\"itemListElement\":[{\"@type\":\"ListItem\",\"position\":1,\"name\":\"Home\",\"item\":\"https:\\\/\\\/bjornfjell.com\\\/no\\\/\"},{\"@type\":\"ListItem\",\"position\":2,\"name\":\"Overnatting\",\"item\":\"https:\\\/\\\/bjornfjell.com\\\/no\\\/overnatting\\\/\"},{\"@type\":\"ListItem\",\"position\":3,\"name\":\"Familierom\"}]},{\"@type\":\"WebSite\",\"@id\":\"https:\\\/\\\/bjornfjell.com\\\/#website\",\"url\":\"https:\\\/\\\/bjornfjell.com\\\/\",\"name\":\"Bj\u00f8rnfjell Mountain Lodge\",\"description\":\"Authentic Norwegian Accommodation &amp; Arctic Adventures\",\"publisher\":{\"@id\":\"https:\\\/\\\/bjornfjell.com\\\/#organization\"},\"potentialAction\":[{\"@type\":\"SearchAction\",\"target\":{\"@type\":\"EntryPoint\",\"urlTemplate\":\"https:\\\/\\\/bjornfjell.com\\\/?s={search_term_string}\"},\"query-input\":{\"@type\":\"PropertyValueSpecification\",\"valueRequired\":true,\"valueName\":\"search_term_string\"}}],\"inLanguage\":\"nb-NO\"},{\"@type\":\"Organization\",\"@id\":\"https:\\\/\\\/bjornfjell.com\\\/#organization\",\"name\":\"Bj\u00f8rnfjell Mountain Lodge\",\"url\":\"https:\\\/\\\/bjornfjell.com\\\/\",\"logo\":{\"@type\":\"ImageObject\",\"inLanguage\":\"nb-NO\",\"@id\":\"https:\\\/\\\/bjornfjell.com\\\/#\\\/schema\\\/logo\\\/image\\\/\",\"url\":\"https:\\\/\\\/i0.wp.com\\\/bjornfjell.com\\\/wp-content\\\/uploads\\\/2024\\\/07\\\/cropped-cropped-design-uten-navn-2.png?fit=936%2C210&ssl=1\",\"contentUrl\":\"https:\\\/\\\/i0.wp.com\\\/bjornfjell.com\\\/wp-content\\\/uploads\\\/2024\\\/07\\\/cropped-cropped-design-uten-navn-2.png?fit=936%2C210&ssl=1\",\"width\":936,\"height\":210,\"caption\":\"Bj\u00f8rnfjell Mountain Lodge\"},\"image\":{\"@id\":\"https:\\\/\\\/bjornfjell.com\\\/#\\\/schema\\\/logo\\\/image\\\/\"},\"sameAs\":[\"https:\\\/\\\/www.facebook.com\\\/bjornfjellmountainlodge\\\/\",\"https:\\\/\\\/www.instagram.com\\\/bjornfjellmountainlodge\\\/\"]}]}<\/script>\n<!-- \/ Yoast SEO plugin. -->","yoast_head_json":{"title":"Familierom - Bj\u00f8rnfjell Mountain Lodge","description":"V\u00e5re familierom er designet for \u00e5 romme 2 voksne og opptil 2 barn, og sikrer at hele familien f\u00e5r den samme wow-faktoren under oppholdet.","robots":{"index":"index","follow":"follow","max-snippet":"max-snippet:-1","max-image-preview":"max-image-preview:large","max-video-preview":"max-video-preview:-1"},"canonical":"https:\/\/bjornfjell.com\/no\/overnatting\/familierom\/","og_locale":"nb_NO","og_type":"article","og_title":"Familierom - Bj\u00f8rnfjell Mountain Lodge","og_description":"V\u00e5re familierom er designet for \u00e5 romme 2 voksne og opptil 2 barn, og sikrer at hele familien f\u00e5r den samme wow-faktoren under oppholdet.","og_url":"https:\/\/bjornfjell.com\/no\/overnatting\/familierom\/","og_site_name":"Bj\u00f8rnfjell Mountain Lodge","article_publisher":"https:\/\/www.facebook.com\/bjornfjellmountainlodge\/","article_modified_time":"2025-05-14T10:26:59+00:00","og_image":[{"url":"https:\/\/bjornfjell.com\/wp-content\/uploads\/2024\/08\/img_0856.jpg","width":768,"height":1024,"type":"image\/jpeg"}],"twitter_card":"summary_large_image","twitter_misc":{"Ansl. lesetid":"2 minutter"},"schema":{"@context":"https:\/\/schema.org","@graph":[{"@type":"WebPage","@id":"https:\/\/bjornfjell.com\/no\/overnatting\/familierom\/","url":"https:\/\/bjornfjell.com\/no\/overnatting\/familierom\/","name":"Familierom - Bj\u00f8rnfjell Mountain Lodge","isPartOf":{"@id":"https:\/\/bjornfjell.com\/#website"},"primaryImageOfPage":{"@id":"https:\/\/bjornfjell.com\/no\/overnatting\/familierom\/#primaryimage"},"image":{"@id":"https:\/\/bjornfjell.com\/no\/overnatting\/familierom\/#primaryimage"},"thumbnailUrl":"https:\/\/i0.wp.com\/bjornfjell.com\/wp-content\/uploads\/2024\/08\/img_0856.jpg?fit=3024%2C4032&ssl=1","datePublished":"2024-08-02T09:18:35+00:00","dateModified":"2025-05-14T10:26:59+00:00","description":"V\u00e5re familierom er designet for \u00e5 romme 2 voksne og opptil 2 barn, og sikrer at hele familien f\u00e5r den samme wow-faktoren under oppholdet.","breadcrumb":{"@id":"https:\/\/bjornfjell.com\/no\/overnatting\/familierom\/#breadcrumb"},"inLanguage":"nb-NO","potentialAction":[{"@type":"ReadAction","target":["https:\/\/bjornfjell.com\/no\/overnatting\/familierom\/"]}]},{"@type":"ImageObject","inLanguage":"nb-NO","@id":"https:\/\/bjornfjell.com\/no\/overnatting\/familierom\/#primaryimage","url":"https:\/\/i0.wp.com\/bjornfjell.com\/wp-content\/uploads\/2024\/08\/img_0856.jpg?fit=3024%2C4032&ssl=1","contentUrl":"https:\/\/i0.wp.com\/bjornfjell.com\/wp-content\/uploads\/2024\/08\/img_0856.jpg?fit=3024%2C4032&ssl=1","width":3024,"height":4032},{"@type":"BreadcrumbList","@id":"https:\/\/bjornfjell.com\/no\/overnatting\/familierom\/#breadcrumb","itemListElement":[{"@type":"ListItem","position":1,"name":"Home","item":"https:\/\/bjornfjell.com\/no\/"},{"@type":"ListItem","position":2,"name":"Overnatting","item":"https:\/\/bjornfjell.com\/no\/overnatting\/"},{"@type":"ListItem","position":3,"name":"Familierom"}]},{"@type":"WebSite","@id":"https:\/\/bjornfjell.com\/#website","url":"https:\/\/bjornfjell.com\/","name":"Bj\u00f8rnfjell Mountain Lodge","description":"Authentic Norwegian Accommodation &amp; Arctic Adventures","publisher":{"@id":"https:\/\/bjornfjell.com\/#organization"},"potentialAction":[{"@type":"SearchAction","target":{"@type":"EntryPoint","urlTemplate":"https:\/\/bjornfjell.com\/?s={search_term_string}"},"query-input":{"@type":"PropertyValueSpecification","valueRequired":true,"valueName":"search_term_string"}}],"inLanguage":"nb-NO"},{"@type":"Organization","@id":"https:\/\/bjornfjell.com\/#organization","name":"Bj\u00f8rnfjell Mountain Lodge","url":"https:\/\/bjornfjell.com\/","logo":{"@type":"ImageObject","inLanguage":"nb-NO","@id":"https:\/\/bjornfjell.com\/#\/schema\/logo\/image\/","url":"https:\/\/i0.wp.com\/bjornfjell.com\/wp-content\/uploads\/2024\/07\/cropped-cropped-design-uten-navn-2.png?fit=936%2C210&ssl=1","contentUrl":"https:\/\/i0.wp.com\/bjornfjell.com\/wp-content\/uploads\/2024\/07\/cropped-cropped-design-uten-navn-2.png?fit=936%2C210&ssl=1","width":936,"height":210,"caption":"Bj\u00f8rnfjell Mountain Lodge"},"image":{"@id":"https:\/\/bjornfjell.com\/#\/schema\/logo\/image\/"},"sameAs":["https:\/\/www.facebook.com\/bjornfjellmountainlodge\/","https:\/\/www.instagram.com\/bjornfjellmountainlodge\/"]}]}},"uagb_featured_image_src":{"full":["https:\/\/i0.wp.com\/bjornfjell.com\/wp-content\/uploads\/2024\/08\/img_0856.jpg?fit=3024%2C4032&ssl=1",3024,4032,false],"thumbnail":["https:\/\/i0.wp.com\/bjornfjell.com\/wp-content\/uploads\/2024\/08\/img_0856.jpg?resize=150%2C150&ssl=1",150,150,true],"medium":["https:\/\/i0.wp.com\/bjornfjell.com\/wp-content\/uploads\/2024\/08\/img_0856.jpg?fit=225%2C300&ssl=1",225,300,true],"medium_large":["https:\/\/i0.wp.com\/bjornfjell.com\/wp-content\/uploads\/2024\/08\/img_0856.jpg?fit=768%2C1024&ssl=1",768,1024,true],"large":["https:\/\/i0.wp.com\/bjornfjell.com\/wp-content\/uploads\/2024\/08\/img_0856.jpg?fit=768%2C1024&ssl=1",768,1024,true],"1536x1536":["https:\/\/i0.wp.com\/bjornfjell.com\/wp-content\/uploads\/2024\/08\/img_0856.jpg?fit=1152%2C1536&ssl=1",1152,1536,true],"2048x2048":["https:\/\/i0.wp.com\/bjornfjell.com\/wp-content\/uploads\/2024\/08\/img_0856.jpg?fit=1536%2C2048&ssl=1",1536,2048,true],"newspack-article-block-landscape-large":["https:\/\/i0.wp.com\/bjornfjell.com\/wp-content\/uploads\/2024\/08\/img_0856.jpg?resize=1200%2C900&ssl=1",1200,900,true],"newspack-article-block-portrait-large":["https:\/\/i0.wp.com\/bjornfjell.com\/wp-content\/uploads\/2024\/08\/img_0856.jpg?resize=900%2C1200&ssl=1",900,1200,true],"newspack-article-block-square-large":["https:\/\/i0.wp.com\/bjornfjell.com\/wp-content\/uploads\/2024\/08\/img_0856.jpg?resize=1200%2C1200&ssl=1",1200,1200,true],"newspack-article-block-landscape-medium":["https:\/\/i0.wp.com\/bjornfjell.com\/wp-content\/uploads\/2024\/08\/img_0856.jpg?resize=800%2C600&ssl=1",800,600,true],"newspack-article-block-portrait-medium":["https:\/\/i0.wp.com\/bjornfjell.com\/wp-content\/uploads\/2024\/08\/img_0856.jpg?resize=600%2C800&ssl=1",600,800,true],"newspack-article-block-square-medium":["https:\/\/i0.wp.com\/bjornfjell.com\/wp-content\/uploads\/2024\/08\/img_0856.jpg?resize=800%2C800&ssl=1",800,800,true],"newspack-article-block-landscape-intermediate":["https:\/\/i0.wp.com\/bjornfjell.com\/wp-content\/uploads\/2024\/08\/img_0856.jpg?resize=600%2C450&ssl=1",600,450,true],"newspack-article-block-portrait-intermediate":["https:\/\/i0.wp.com\/bjornfjell.com\/wp-content\/uploads\/2024\/08\/img_0856.jpg?resize=450%2C600&ssl=1",450,600,true],"newspack-article-block-square-intermediate":["https:\/\/i0.wp.com\/bjornfjell.com\/wp-content\/uploads\/2024\/08\/img_0856.jpg?resize=600%2C600&ssl=1",600,600,true],"newspack-article-block-landscape-small":["https:\/\/i0.wp.com\/bjornfjell.com\/wp-content\/uploads\/2024\/08\/img_0856.jpg?resize=400%2C300&ssl=1",400,300,true],"newspack-article-block-portrait-small":["https:\/\/i0.wp.com\/bjornfjell.com\/wp-content\/uploads\/2024\/08\/img_0856.jpg?resize=300%2C400&ssl=1",300,400,true],"newspack-article-block-square-small":["https:\/\/i0.wp.com\/bjornfjell.com\/wp-content\/uploads\/2024\/08\/img_0856.jpg?resize=400%2C400&ssl=1",400,400,true],"newspack-article-block-landscape-tiny":["https:\/\/i0.wp.com\/bjornfjell.com\/wp-content\/uploads\/2024\/08\/img_0856.jpg?resize=200%2C150&ssl=1",200,150,true],"newspack-article-block-portrait-tiny":["https:\/\/i0.wp.com\/bjornfjell.com\/wp-content\/uploads\/2024\/08\/img_0856.jpg?resize=150%2C200&ssl=1",150,200,true],"newspack-article-block-square-tiny":["https:\/\/i0.wp.com\/bjornfjell.com\/wp-content\/uploads\/2024\/08\/img_0856.jpg?resize=200%2C200&ssl=1",200,200,true],"newspack-article-block-uncropped":["https:\/\/i0.wp.com\/bjornfjell.com\/wp-content\/uploads\/2024\/08\/img_0856.jpg?fit=1200%2C1600&ssl=1",1200,1600,true]},"uagb_author_info":{"display_name":"Bj\u00f8rnfjell Mountain Lodge","author_link":"https:\/\/bjornfjell.com\/no\/author\/bjornfjellmountainlodge\/"},"uagb_comment_info":0,"uagb_excerpt":"FAMILIEROM V\u00e5re familierom er designet for \u00e5 romme 2 voksne og opptil 2 barn, og sikrer at alle gjester, b\u00e5de [&hellip;]","jetpack_shortlink":"https:\/\/wp.me\/PfUHX1-H8","jetpack-related-posts":[],"jetpack_sharing_enabled":true,"_links":{"self":[{"href":"https:\/\/bjornfjell.com\/no\/wp-json\/wp\/v2\/pages\/2674","targetHints":{"allow":["GET"]}}],"collection":[{"href":"https:\/\/bjornfjell.com\/no\/wp-json\/wp\/v2\/pages"}],"about":[{"href":"https:\/\/bjornfjell.com\/no\/wp-json\/wp\/v2\/types\/page"}],"author":[{"embeddable":true,"href":"https:\/\/bjornfjell.com\/no\/wp-json\/wp\/v2\/users\/253302850"}],"replies":[{"embeddable":true,"href":"https:\/\/bjornfjell.com\/no\/wp-json\/wp\/v2\/comments?post=2674"}],"version-history":[{"count":5,"href":"https:\/\/bjornfjell.com\/no\/wp-json\/wp\/v2\/pages\/2674\/revisions"}],"predecessor-version":[{"id":3789,"href":"https:\/\/bjornfjell.com\/no\/wp-json\/wp\/v2\/pages\/2674\/revisions\/3789"}],"up":[{"embeddable":true,"href":"https:\/\/bjornfjell.com\/no\/wp-json\/wp\/v2\/pages\/2572"}],"wp:featuredmedia":[{"embeddable":true,"href":"https:\/\/bjornfjell.com\/no\/wp-json\/wp\/v2\/media\/2366"}],"wp:attachment":[{"href":"https:\/\/bjornfjell.com\/no\/wp-json\/wp\/v2\/media?parent=2674"}],"curies":[{"name":"wp","href":"https:\/\/api.w.org\/{rel}","templated":true}]}}